{"id":55,"date":"2024-02-25T15:37:54","date_gmt":"2024-02-25T15:37:54","guid":{"rendered":"https:\/\/egdnd.lt\/?page_id=55"},"modified":"2025-04-14T18:31:11","modified_gmt":"2025-04-14T18:31:11","slug":"e-g-vait-knygos-lt","status":"publish","type":"page","link":"https:\/\/egdnd.lt\/?page_id=55","title":{"rendered":"E.G.Vait knygos LT"},"content":{"rendered":"\n<div class=\"wp-block-buttons is-layout-flex wp-block-buttons-is-layout-flex\">\n<div class=\"wp-block-button\"><a class=\"wp-block-button__link has-cyan-bluish-gray-color has-text-color has-link-color wp-element-button\" href=\"https:\/\/egdnd.lt\/?page_id=113\">Did\u017eioji kova<\/a><\/div>\n\n\n\n<div class=\"wp-block-button\"><a class=\"wp-block-button__link has-cyan-bluish-gray-color has-text-color has-link-color wp-element-button\" href=\"https:\/\/egdnd.lt\/?page_id=123\">Ugdymas<\/a><\/div>\n\n\n\n<div class=\"wp-block-button\"><a class=\"wp-block-button__link has-cyan-bluish-gray-color has-text-color has-link-color wp-element-button\" href=\"https:\/\/egdnd.lt\/?page_id=253\">Kalno pamokslas<\/a><\/div>\n\n\n\n<div class=\"wp-block-button\"><a class=\"wp-block-button__link has-cyan-bluish-gray-color has-text-color has-link-color wp-element-button\" href=\"https:\/\/egdnd.lt\/?page_id=120\">Kelias pas Krist\u0173<\/a><\/div>\n<\/div>\n\n\n\n<h2 class=\"wp-block-heading\"><\/h2>\n\n\n\n<h2 class=\"wp-block-heading\">Nuorodos:<\/h2>\n\n\n\n<p>Lietuvi\u0161kos E.G.Vait <a href=\"https:\/\/m.egwwritings.org\/lt\/folders\/1235\" target=\"_blank\" rel=\"noreferrer noopener\">knygos<\/a> su paie\u0161ka per visas knygas<\/p>\n\n\n\n<p><\/p>\n\n\n\n<h2 class=\"wp-block-heading\">E.G.Vait i\u0161verst\u0173 \u012f lietuvi\u0173 kalb\u0105 esam\u0173 (spausdint\u0173) knyg\u0173 s\u0105ra\u0161as:<\/h2>\n\n\n\n<p><a href=\"https:\/\/egdnd.lt\/?page_id=341\" data-type=\"page\" data-id=\"341\">Patriarchai ir prana\u0161ai<\/a><\/p>\n\n\n\n<p><a href=\"https:\/\/egdnd.lt\/?page_id=347\" data-type=\"page\" data-id=\"347\">Prana\u0161ai ir karaliai<\/a><\/p>\n\n\n\n<p><a href=\"https:\/\/egdnd.lt\/?page_id=353\" data-type=\"page\" data-id=\"353\">Su meile i\u0161 dangaus<\/a><\/p>\n\n\n\n<p><a href=\"https:\/\/egdnd.lt\/?page_id=329\" data-type=\"page\" data-id=\"329\">Apa\u0161tal\u0173 darbai<\/a><\/p>\n\n\n\n<p><a href=\"https:\/\/egdnd.lt\/?page_id=113\" data-type=\"page\" data-id=\"113\">Did\u017eioji kova<\/a><\/p>\n\n\n\n<hr class=\"wp-block-separator has-alpha-channel-opacity\"\/>\n\n\n\n<p>Atpirkimo istorija<\/p>\n\n\n\n<p><a href=\"https:\/\/egdnd.lt\/?page_id=359\" data-type=\"page\" data-id=\"359\">Gydymo tarnyst\u0117<\/a><\/p>\n\n\n\n<p><a href=\"https:\/\/egdnd.lt\/?page_id=120\" data-type=\"page\" data-id=\"120\">Kelias pas Krist\u0173<\/a><\/p>\n\n\n\n<p>Kova ir dr\u0105sa<\/p>\n\n\n\n<p><a href=\"https:\/\/egdnd.lt\/?page_id=253\" data-type=\"page\" data-id=\"253\">Kristaus kalno pamokslas<\/a><\/p>\n\n\n\n<p>Patarimai prievaizdavimui<\/p>\n\n\n\n<p>Pasl\u0117pti lobiai<\/p>\n\n\n\n<p><a href=\"https:\/\/egdnd.lt\/?page_id=123\" data-type=\"page\" data-id=\"123\">Ugdymas<\/a><\/p>\n\n\n\n<div class=\"wp-block-buttons is-layout-flex wp-block-buttons-is-layout-flex\">\n<div class=\"wp-block-button is-style-outline is-style-outline--1\"><a class=\"wp-block-button__link wp-element-button\" href=\"https:\/\/egdnd.lt\/\">Atgal<\/a><\/div>\n<\/div>\n\n\n\n<p><\/p>\n","protected":false},"excerpt":{"rendered":"<p>Nuorodos: Lietuvi\u0161kos E.G.Vait knygos su paie\u0161ka per visas knygas E.G.Vait i\u0161verst\u0173 \u012f lietuvi\u0173 kalb\u0105 esam\u0173 (spausdint\u0173) knyg\u0173 s\u0105ra\u0161as: Patriarchai ir prana\u0161ai Prana\u0161ai ir karaliai Su meile i\u0161 dangaus Apa\u0161tal\u0173 darbai Did\u017eioji kova Atpirkimo istorija Gydymo tarnyst\u0117 Kelias pas Krist\u0173 Kova ir dr\u0105sa Kristaus kalno pamokslas Patarimai prievaizdavimui Pasl\u0117pti lobiai Ugdymas<\/p>\n","protected":false},"author":1,"featured_media":0,"parent":0,"menu_order":0,"comment_status":"closed","ping_status":"closed","template":"","meta":{"footnotes":""},"class_list":["post-55","page","type-page","status-publish","hentry"],"_links":{"self":[{"href":"https:\/\/egdnd.lt\/index.php?rest_route=\/wp\/v2\/pages\/55","targetHints":{"allow":["GET"]}}],"collection":[{"href":"https:\/\/egdnd.lt\/index.php?rest_route=\/wp\/v2\/pages"}],"about":[{"href":"https:\/\/egdnd.lt\/index.php?rest_route=\/wp\/v2\/types\/page"}],"author":[{"embeddable":true,"href":"https:\/\/egdnd.lt\/index.php?rest_route=\/wp\/v2\/users\/1"}],"replies":[{"embeddable":true,"href":"https:\/\/egdnd.lt\/index.php?rest_route=%2Fwp%2Fv2%2Fcomments&post=55"}],"version-history":[{"count":21,"href":"https:\/\/egdnd.lt\/index.php?rest_route=\/wp\/v2\/pages\/55\/revisions"}],"predecessor-version":[{"id":363,"href":"https:\/\/egdnd.lt\/index.php?rest_route=\/wp\/v2\/pages\/55\/revisions\/363"}],"wp:attachment":[{"href":"https:\/\/egdnd.lt\/index.php?rest_route=%2Fwp%2Fv2%2Fmedia&parent=55"}],"curies":[{"name":"wp","href":"https:\/\/api.w.org\/{rel}","templated":true}]}}