{"id":59,"date":"2024-02-25T15:38:46","date_gmt":"2024-02-25T15:38:46","guid":{"rendered":"https:\/\/egdnd.lt\/?page_id=59"},"modified":"2025-04-08T09:34:10","modified_gmt":"2025-04-08T09:34:10","slug":"taisykles-vertejams","status":"publish","type":"page","link":"https:\/\/egdnd.lt\/?page_id=59","title":{"rendered":"Taisykl\u0117s vert\u0117jams"},"content":{"rendered":"\n<p><strong>Bendrai priimti naudotini sunkesni\u0173 \u017eod\u017ei\u0173 vertima<\/strong>i<\/p>\n\n\n\n<figure class=\"wp-block-table\"><table><tbody><tr><td>\u0431\u0435\u0437\u0437\u0430\u043a\u043e\u043d\u0438\u0435<\/td><td> \u012estatymo lau\u017eymas arba nedoryb\u0117<\/td><\/tr><tr><td>\u0412\u0430\u0432\u0438\u043b\u043e\u043d<\/td><td>Babel\u0117 jei dvasin\u0117, jei tiesiogiai &#8211; Babilonas<\/td><\/tr><tr><td>\u0432\u043d\u0438\u043c\u0430\u0442\u0435\u043b\u044c\u043d\u044b\u0439<\/td><td>atidus<\/td><\/tr><tr><td>\u0432\u044b\u0440\u0430\u0436\u0435\u043d\u0438\u0435<\/td><td>posakis<\/td><\/tr><tr><td>\u0434\u0435\u0441\u043d\u0438\u0446\u0430<\/td><td>de\u0161inioji<\/td><\/tr><tr><td>\u0435\u0434\u0438\u043d\u0430\u044f<\/td><td>vieninga gali b\u016bti &#8222;vienintel\u0117&#8221; (\u017ei\u016br\u0117ti pagal prasm\u0119)<\/td><\/tr><tr><td>\u0435\u0434\u0438\u043d\u0441\u0442\u0432\u0435\u043d\u043d\u0430\u044f<\/td><td>vienintel\u0117<\/td><\/tr><tr><td><\/td><td><\/td><\/tr><tr><td>\u0436\u0435\u0437\u043b<\/td><td>lazda<\/td><\/tr><tr><td>\u0442\u0440\u043e\u0441\u0442\u044c<\/td><td>nendr\u0117<\/td><\/tr><tr><td>\u043f\u043e\u0441\u043e\u0445<\/td><td>ramstis<\/td><\/tr><tr><td><\/td><td><\/td><\/tr><tr><td>\u043a\u0435\u0441\u0430\u0440\u044c<\/td><td>ciesorius<\/td><\/tr><tr><td>\u043b\u0436\u0435<\/td><td>pseudo, klaidingi, melagingi, netikri, tariami<\/td><\/tr><tr><td>\u043b\u043e\u0436\u043d\u0430\u044f \u0440\u0435\u043b\u0438\u0433\u0438\u044f<\/td><td>klaidinga religija<\/td><\/tr><tr><td>\u043c\u0435\u0440\u0437\u043e\u0441\u0442\u044c \u0437\u0430\u043f\u0443\u0441\u0442\u0435\u043d\u0438\u044f<\/td><td>naikinimo bjaurastis<\/td><\/tr><tr><td>\u043d\u043e\u0432\u043e\u0437\u0430\u0432\u0435\u0442\u043d\u0438\u0439<\/td><td>Naujojo testamento<\/td><\/tr><tr><td>\u043e\u0431\u043b\u0438\u0447\u0430\u0442\u044c<\/td><td>demaskuoti, smerkti, apkaltinti, atskleisti&#8230;<\/td><\/tr><tr><td><\/td><td><\/td><\/tr><tr><td>\u043e\u0431\u0440\u0430\u0437 \u0437\u0432\u0435\u0440\u044f<\/td><td>\u017ev\u0117ries atvaizdas<\/td><\/tr><tr><td>\u043d\u0430\u0447\u0435\u0440\u0442\u0430\u043d\u0438\u0435 \u0437\u0432\u0435\u0440\u044f<\/td><td>\u017ev\u0117ries \u017eenklas<\/td><\/tr><tr><td><\/td><td><\/td><\/tr><tr><td>\u043e\u0442\u0441\u0442\u0443\u043f\u043d\u0438\u043a<\/td><td>atpuol\u0119s, atsimet\u0117lis, atskal\u016bnas<\/td><\/tr><tr><td><\/td><td><\/td><\/tr><tr><td>\u043f\u0435\u0440\u0432\u043e\u0440\u043e\u0434\u043d\u044b\u0439<\/td><td>pirmagimis<\/td><\/tr><tr><td>\u043f\u0435\u0440\u0432\u043e\u0440\u043e\u0434\u043d\u044b\u0439 \u0433\u0440\u0435\u0445<\/td><td>pirmaprad\u0117 nuod\u0117m\u0117<\/td><\/tr><tr><td>\u043f\u043e\u0434\u043e\u0431\u043b\u0430\u0447\u043d\u043e\u0433\u043e \u0445\u0430\u0440\u0430\u043a\u0442\u0435\u0440\u0430<\/td><td>debesimi pridengto<\/td><\/tr><tr><td>\u043f\u043e\u0434\u0440\u0430\u0436\u0430\u0442\u044c<\/td><td>sekti jais<\/td><\/tr><tr><td>\u043f\u043e\u043b\u043d\u043e\u0442\u0430 \u0438\u0441\u0442\u0438\u043d\u044b<\/td><td>tiesos pilnatv\u0117<\/td><\/tr><tr><td>\u043f\u0440\u0430\u0432\u043e\u0441\u043b\u0430\u0432\u043d\u044b\u0435<\/td><td>sta\u010diatikiai, pravoslavai<\/td><\/tr><tr><td><\/td><td><\/td><\/tr><tr><td>\u043f\u0440\u0430\u0432\u043e\u0441\u0443\u0434\u0438\u0435<\/td><td>teisingumas<\/td><\/tr><tr><td>\u043f\u0440\u0430\u0432\u043e\u0441\u0443\u0434\u043d\u044b\u0439<\/td><td>teisingai teisiantis<\/td><\/tr><tr><td>\u0441\u043f\u0440\u0430\u0432\u0435\u0434\u043b\u0438\u0432\u043e\u0441\u0442\u044c<\/td><td>teisingumas<\/td><\/tr><tr><td><\/td><td><\/td><\/tr><tr><td>\u043f\u0440\u0435\u043b\u044e\u0431\u043e\u0434\u0435\u0439\u0441\u0442\u0432\u0438\u0435<\/td><td>svetimauti<\/td><\/tr><tr><td>\u043b\u044e\u0431\u043e\u0434\u0435\u0439\u0441\u0442\u0432\u0438\u0435<\/td><td>i\u0161tvirkauti<\/td><\/tr><tr><td>\u0431\u043b\u0443\u0434\u043e\u0434\u0435\u0439\u0441\u0442\u0432\u0438\u0435<\/td><td>paleistuvauti<\/td><\/tr><tr><td><\/td><td><\/td><\/tr><tr><td>\u043f\u0440\u043e\u0440\u043e\u043a \u041b\u0430\u043e\u0434\u0438\u043a\u0438\u0438<\/td><td>Laodik\u0117jos prana\u0161\u0117<\/td><\/tr><tr><td><\/td><td><\/td><\/tr><tr><td>\u0440\u0435\u0432\u043d\u0438\u0432\u044b\u0439<\/td><td>pavydus<\/td><\/tr><tr><td>\u0440\u0435\u0432\u043d\u0438\u0442\u0435\u043b\u044c<\/td><td>pavydus<\/td><\/tr><tr><td>\u0440\u0435\u0432\u043d\u043e\u0441\u0442\u043d\u044b\u0439<\/td><td>uolus<\/td><\/tr><tr><td><\/td><td><\/td><\/tr><tr><td>\u0440\u043e\u0434\u043e\u0441\u043b\u043e\u0432\u043d\u0430\u044f \u043b\u0438\u043d\u0438\u044f<\/td><td>giminyst\u0117s linija<\/td><\/tr><tr><td>\u0421\u0432\u044f\u0442\u043e\u0435 \u0421\u0432\u044f\u0442\u044b\u0445<\/td><td>\u0160ven\u010diausioji, \u0160vent\u0173 \u0161ven\u010diausioji<\/td><\/tr><tr><td>\u0421\u0432\u0438\u0434\u0435\u0442\u0435\u043b\u044c \u0412\u0435\u0440\u043d\u044b\u0439 \u0438 \u0418\u0441\u0442\u0438\u043d\u043d\u044b\u0439<\/td><td>I\u0161tikimasis ir Tikrasis Liudytojas<\/td><\/tr><tr><td>\u0441\u043b\u0435\u0434\u0441\u0442\u0432\u0435\u043d\u043d\u044b\u0439 \u0441\u0443\u0434<\/td><td>tiriamasis teismas<\/td><\/tr><tr><td><\/td><td><\/td><\/tr><tr><td>\u0421\u043e\u0434\u043e\u043c<\/td><td>Sodoma<\/td><\/tr><tr><td>\u0413\u043e\u043c\u043e\u0440\u0440\u0430<\/td><td>Gomora<\/td><\/tr><tr><td><\/td><td><\/td><\/tr><tr><td>\u0441\u0443\u0431\u0431\u043e\u0442\u0430<\/td><td>sabatas<\/td><\/tr><tr><td>\u044f\u0437\u0432\u044b<\/td><td>negandos<\/td><\/tr><tr><td><\/td><td><\/td><\/tr><tr><td>\u0443\u043c<\/td><td>protas<\/td><\/tr><tr><td>\u0440\u0430\u0437\u0443\u043c<\/td><td>Sumanumas<\/td><\/tr><tr><td>\u043c\u0443\u0434\u0440\u043e\u0441\u0442\u044c<\/td><td>i\u0161mintis<\/td><\/tr><\/tbody><\/table><\/figure>\n\n\n\n<p><\/p>\n\n\n\n<p><strong>Pastabos<\/strong><\/p>\n\n\n\n<p>E.G.Vait i\u0161trauk\u0173 ra\u0161yti tik originalius (angl\u0173 k.) puslapius, o jeigu tokia knyga yra lietuvi\u0161ka, tuomet pirma liet.puslapiai, po to original\u016bs. (30\/35 p.).<\/p>\n\n\n\n<p>Psalmi\u0173 knygos numeracij\u0105 ra\u0161yti tik pagal Lietuvi\u0161k\u0105 Biblij\u0105.<\/p>\n\n\n\n<p>#Jeigu cituojamos Ra\u0161to vietos turinys neatitinka esm\u0117s pagal rusi\u0161k\u0105, reikia i\u0161versti pa\u010diam ir d\u0117ti \u017evaig\u017edut\u0119 cituojamojo teksto pabaigoje. Arba rasti kit\u0105 Lt vertim\u0105.<\/p>\n\n\n\n<p>#I\u0161verstas E.G.Vait i\u0161traukas, saugoti kompiuteryje. reikia nuspr\u0119sti d\u0117l knyg\u0173 trumpinim\u0173.<\/p>\n\n\n\n<p>Trumpas br\u016bk\u0161nelis ra\u0161omas be tarpeliu i\u0161 \u0161on\u0173.<\/p>\n\n\n\n<p>Ilgas br\u016bk\u0161nys ra\u0161mas su tarpais, i\u0161skyrus jei prieky yra kablelis.<\/p>\n\n\n\n<p>Biblinius vardus, miest\u0173 pavadinimus ir kita \u017ei\u016brim i\u0161 K.Burbulio verstos Biblijos, 6-o leidimo.<\/p>\n\n\n\n<figure class=\"wp-block-table\"><table><tbody><tr><td>Malon\u0117s Karalyst\u0117<\/td><td>abu \u017eod\u017eiai i\u0161 did\u017ei\u0173j\u0173<\/td><\/tr><tr><td>pask.\/d.<\/td><td>\u043f\u043e\u0441\u043b.\/\u0447.<\/td><\/tr><tr><td>puslapis &#8211; p. Ir po skai\u010di\u0173 palikti tarpuk\u0105.<\/td><td>ne psl.<\/td><\/tr><tr><td>biblinis<\/td><td>ne biblijinis<\/td><\/tr><tr><td>vir\u0161utin\u0117 ir \u017eemutin\u0117 t\u0117km\u0117<\/td><td><\/td><\/tr><tr><td>2009 m.<\/td><td>po skai\u010di\u0173 tarpas<\/td><\/tr><tr><td>1999-2009 m.<\/td><td>nereikia dukart mm.<\/td><\/tr><tr><td>valstybinis politinis (pilnais \u017eod\u017eiais)<\/td><td>ne valst-polit.<\/td><\/tr><tr><td>pseudokatalikai<\/td><td>be tarp\u0173<\/td><\/tr><tr><td>pseudo-SDA<\/td><td><\/td><\/tr><tr><td>Kas kokius pasimokinimus nor\u0117t\u0173 pasakyti i\u0161 \u0161io pokalbio<\/td><td><\/td><\/tr><tr><td>sk.<\/td><td>skyrius<\/td><\/tr><tr><td>moabitai<\/td><td>ne moabie\u010diai<\/td><\/tr><tr><td>ap.Paulius<\/td><td>ne Povilas<\/td><\/tr><tr><td>prad\u017eioje Abromas<\/td><td>po vardo pakeitimo Abraomas<\/td><\/tr><tr><td>prad\u017eioje Saraja<\/td><td>po vardo pakeitmo Sara<\/td><\/tr><\/tbody><\/table><\/figure>\n\n\n\n<p><strong>Renkant tekst\u0105 Word programoje<\/strong><\/p>\n\n\n\n<p>Nustatyti &#8222;normal&#8221; stili\u0173.<\/p>\n\n\n\n<p>Nedaryti automatinio numeravimo.<\/p>\n\n\n\n<p>Tekste kur reikia, pary\u0161kinti ir paversti tekst\u0105.<\/p>\n\n\n\n<p>\u0160riftas TimesNewRoman 12.<\/p>\n\n\n\n<p>B\u016btina tikrinti bent jau pa\u010diam vert\u0117jui.<\/p>\n\n\n\n<p>Ned\u0117ti TAB.<\/p>\n\n\n\n<p><strong>Biblijos knyg\u0173 trumpinimai<\/strong><\/p>\n\n\n\n<p><\/p>\n\n\n\n<div class=\"wp-block-columns are-vertically-aligned-top has-medium-font-size is-layout-flex wp-container-core-columns-is-layout-28f84493 wp-block-columns-is-layout-flex\">\n<div class=\"wp-block-column is-vertically-aligned-top is-layout-flow wp-block-column-is-layout-flow\" style=\"flex-basis:25%\">\n<figure class=\"wp-block-table\"><table><tbody><tr><td>Pr.<\/td><td>Mt.<\/td><\/tr><tr><td>I\u0161.<\/td><td>Mk.<\/td><\/tr><tr><td>Kun.<\/td><td>Lk.<\/td><\/tr><tr><td>Sk.<\/td><td>Jn.<\/td><\/tr><tr><td>\u012est.<\/td><td>Apd.<\/td><\/tr><tr><td>Joz.<\/td><td>Rom.<\/td><\/tr><tr><td>Ts.<\/td><td>1 Kor.<\/td><\/tr><tr><td>R\u016bt.<\/td><td>2 Kor.<\/td><\/tr><tr><td>1 Sam.<\/td><td>Gal.<\/td><\/tr><tr><td>2 Sam.<\/td><td>Ef.<\/td><\/tr><tr><td>1 Kar.<\/td><td>Fil.<\/td><\/tr><tr><td>2 Kar.<\/td><td>Kol.<\/td><\/tr><tr><td>1 Krn.<\/td><td>1 Tes.<\/td><\/tr><tr><td>2 Krn.<\/td><td>2 Tes.<\/td><\/tr><tr><td>Ezr.<\/td><td>1 Tim.<\/td><\/tr><tr><td>Neh.<\/td><td>2 Tim.<\/td><\/tr><tr><td>Est.<\/td><td>Tit.<\/td><\/tr><tr><td>Job.<\/td><td>Fm.<\/td><\/tr><tr><td>Ps.<\/td><td>Hbr.<\/td><\/tr><tr><td>Pat.<\/td><td>Jok.<\/td><\/tr><tr><td>Ekl.<\/td><td>1 Pt.<\/td><\/tr><tr><td>Gg.<\/td><td>2 Pt.<\/td><\/tr><tr><td>Iz.<\/td><td>1 Jn.<\/td><\/tr><tr><td>Jer.<\/td><td>2 Jn.<\/td><\/tr><tr><td>Rd.<\/td><td>3 Jn.<\/td><\/tr><tr><td>Ez.<\/td><td>Jud.<\/td><\/tr><tr><td>Dan.<\/td><td>Apr.<\/td><\/tr><tr><td>Oz.<\/td><td><\/td><\/tr><tr><td>Jl.<\/td><td><\/td><\/tr><tr><td>Am.<\/td><td><\/td><\/tr><tr><td>Abd.<\/td><td><\/td><\/tr><tr><td>Jon.<\/td><td><\/td><\/tr><tr><td>Mch.<\/td><td><\/td><\/tr><tr><td>Nah.<\/td><td><\/td><\/tr><tr><td>Hab.<\/td><td><\/td><\/tr><tr><td>Sof.<\/td><td><\/td><\/tr><tr><td>Ag.<\/td><td><\/td><\/tr><tr><td>Zch.<\/td><td><\/td><\/tr><tr><td>Mal.<\/td><td><\/td><\/tr><\/tbody><\/table><\/figure>\n<\/div>\n<\/div>\n\n\n\n<p><\/p>\n","protected":false},"excerpt":{"rendered":"<p>Bendrai priimti naudotini sunkesni\u0173 \u017eod\u017ei\u0173 vertimai \u0431\u0435\u0437\u0437\u0430\u043a\u043e\u043d\u0438\u0435 \u012estatymo lau\u017eymas arba nedoryb\u0117 \u0412\u0430\u0432\u0438\u043b\u043e\u043d Babel\u0117 jei dvasin\u0117, jei tiesiogiai &#8211; Babilonas \u0432\u043d\u0438\u043c\u0430\u0442\u0435\u043b\u044c\u043d\u044b\u0439 atidus \u0432\u044b\u0440\u0430\u0436\u0435\u043d\u0438\u0435 posakis \u0434\u0435\u0441\u043d\u0438\u0446\u0430 de\u0161inioji \u0435\u0434\u0438\u043d\u0430\u044f vieninga gali b\u016bti &#8222;vienintel\u0117&#8221; (\u017ei\u016br\u0117ti pagal prasm\u0119) \u0435\u0434\u0438\u043d\u0441\u0442\u0432\u0435\u043d\u043d\u0430\u044f vienintel\u0117 \u0436\u0435\u0437\u043b lazda \u0442\u0440\u043e\u0441\u0442\u044c nendr\u0117 \u043f\u043e\u0441\u043e\u0445 ramstis \u043a\u0435\u0441\u0430\u0440\u044c ciesorius \u043b\u0436\u0435 pseudo, klaidingi, melagingi, netikri, tariami \u043b\u043e\u0436\u043d\u0430\u044f \u0440\u0435\u043b\u0438\u0433\u0438\u044f klaidinga religija \u043c\u0435\u0440\u0437\u043e\u0441\u0442\u044c \u0437\u0430\u043f\u0443\u0441\u0442\u0435\u043d\u0438\u044f [&hellip;]<\/p>\n","protected":false},"author":1,"featured_media":0,"parent":0,"menu_order":0,"comment_status":"closed","ping_status":"closed","template":"","meta":{"footnotes":""},"class_list":["post-59","page","type-page","status-publish","hentry"],"_links":{"self":[{"href":"https:\/\/egdnd.lt\/index.php?rest_route=\/wp\/v2\/pages\/59","targetHints":{"allow":["GET"]}}],"collection":[{"href":"https:\/\/egdnd.lt\/index.php?rest_route=\/wp\/v2\/pages"}],"about":[{"href":"https:\/\/egdnd.lt\/index.php?rest_route=\/wp\/v2\/types\/page"}],"author":[{"embeddable":true,"href":"https:\/\/egdnd.lt\/index.php?rest_route=\/wp\/v2\/users\/1"}],"replies":[{"embeddable":true,"href":"https:\/\/egdnd.lt\/index.php?rest_route=%2Fwp%2Fv2%2Fcomments&post=59"}],"version-history":[{"count":7,"href":"https:\/\/egdnd.lt\/index.php?rest_route=\/wp\/v2\/pages\/59\/revisions"}],"predecessor-version":[{"id":328,"href":"https:\/\/egdnd.lt\/index.php?rest_route=\/wp\/v2\/pages\/59\/revisions\/328"}],"wp:attachment":[{"href":"https:\/\/egdnd.lt\/index.php?rest_route=%2Fwp%2Fv2%2Fmedia&parent=59"}],"curies":[{"name":"wp","href":"https:\/\/api.w.org\/{rel}","templated":true}]}}