{"id":61,"date":"2024-02-25T15:39:00","date_gmt":"2024-02-25T15:39:00","guid":{"rendered":"https:\/\/egdnd.lt\/?page_id=61"},"modified":"2024-03-13T20:30:11","modified_gmt":"2024-03-13T20:30:11","slug":"zodynai","status":"publish","type":"page","link":"https:\/\/egdnd.lt\/?page_id=61","title":{"rendered":"\u017dodynai"},"content":{"rendered":"\n<p> \u012evair\u016bs \u017eodynai, terminai, sinonimai, frazeologizmai. Klaid\u0173 taisymas, ra\u0161ybos tikrinimas ir daug ko kito.<\/p>\n\n\n\n<ul class=\"wp-block-list\">\n<li><a href=\"https:\/\/www.lietuviuzodynas.lt\/\" target=\"_blank\" rel=\"noreferrer noopener\">https:\/\/www.lietuviuzodynas.lt\/<\/a><\/li>\n<\/ul>\n\n\n\n<h2 class=\"wp-block-heading\"><\/h2>\n\n\n\n<p>\u017dod\u017ei\u0173 kir\u010diavimas<\/p>\n\n\n\n<ul class=\"wp-block-list\">\n<li><a href=\"https:\/\/kirtis.info\/#\/krc\" target=\"_blank\" rel=\"noreferrer noopener\">https:\/\/kirtis.info\/#\/krc<\/a><\/li>\n<\/ul>\n\n\n\n<h2 class=\"wp-block-heading\"><\/h2>\n\n\n\n<p>\u017dod\u017ei\u0173 kir\u010diavimas<\/p>\n\n\n\n<p><\/p>\n\n\n\n<div class=\"wp-block-buttons is-layout-flex wp-block-buttons-is-layout-flex\">\n<div class=\"wp-block-button is-style-outline is-style-outline--1\"><a class=\"wp-block-button__link wp-element-button\" href=\"https:\/\/egdnd.lt\/\">Atgal<\/a><\/div>\n<\/div>\n","protected":false},"excerpt":{"rendered":"<p>\u012evair\u016bs \u017eodynai, terminai, sinonimai, frazeologizmai. Klaid\u0173 taisymas, ra\u0161ybos tikrinimas ir daug ko kito. \u017dod\u017ei\u0173 kir\u010diavimas \u017dod\u017ei\u0173 kir\u010diavimas<\/p>\n","protected":false},"author":1,"featured_media":0,"parent":0,"menu_order":0,"comment_status":"closed","ping_status":"closed","template":"","meta":{"footnotes":""},"class_list":["post-61","page","type-page","status-publish","hentry"],"_links":{"self":[{"href":"https:\/\/egdnd.lt\/index.php?rest_route=\/wp\/v2\/pages\/61","targetHints":{"allow":["GET"]}}],"collection":[{"href":"https:\/\/egdnd.lt\/index.php?rest_route=\/wp\/v2\/pages"}],"about":[{"href":"https:\/\/egdnd.lt\/index.php?rest_route=\/wp\/v2\/types\/page"}],"author":[{"embeddable":true,"href":"https:\/\/egdnd.lt\/index.php?rest_route=\/wp\/v2\/users\/1"}],"replies":[{"embeddable":true,"href":"https:\/\/egdnd.lt\/index.php?rest_route=%2Fwp%2Fv2%2Fcomments&post=61"}],"version-history":[{"count":5,"href":"https:\/\/egdnd.lt\/index.php?rest_route=\/wp\/v2\/pages\/61\/revisions"}],"predecessor-version":[{"id":188,"href":"https:\/\/egdnd.lt\/index.php?rest_route=\/wp\/v2\/pages\/61\/revisions\/188"}],"wp:attachment":[{"href":"https:\/\/egdnd.lt\/index.php?rest_route=%2Fwp%2Fv2%2Fmedia&parent=61"}],"curies":[{"name":"wp","href":"https:\/\/api.w.org\/{rel}","templated":true}]}}