{"id":63,"date":"2024-02-25T15:39:19","date_gmt":"2024-02-25T15:39:19","guid":{"rendered":"https:\/\/egdnd.lt\/?page_id=63"},"modified":"2024-03-13T20:28:58","modified_gmt":"2024-03-13T20:28:58","slug":"enciklopedijos","status":"publish","type":"page","link":"https:\/\/egdnd.lt\/?page_id=63","title":{"rendered":"Enciklopedijos"},"content":{"rendered":"\n<h2 class=\"wp-block-heading\">Nuorodos:<\/h2>\n\n\n\n<p>Biblijos \u017eod\u017ei\u0173 \u017eodynas rus\u0173 kalba &#8211; \u0411\u0438\u0431\u043b\u0435\u0439\u0441\u043a\u0438\u0439 \u0441\u043b\u043e\u0432\u0430\u0440\u044c, \u0412.\u041f. <a href=\"https:\/\/bible.by\/lexicon\/vihlyancev\/\" target=\"_blank\" rel=\"noreferrer noopener\">\u0412\u0438\u0445\u043b\u044f\u043d\u0446\u0435\u0432<\/a><\/p>\n\n\n\n<p>Biblijos enciklopedija rus\u0173 kalba &#8211; \u0411\u0438\u0431\u043b\u0435\u0439\u0441\u043a\u0430\u044f \u044d\u043d\u0446\u0438\u043a\u043b\u043e\u043f\u0435\u0434\u0438\u044f <a href=\"https:\/\/bible.by\/lexicon\/brockhaus\/\" target=\"_blank\" rel=\"noreferrer noopener\">\u0411\u0440\u043e\u043a\u0433\u0430\u0443\u0437\u0430<\/a><\/p>\n\n\n\n<p>Biblijos enciklopedija rus\u0173 kalba &#8211; \u0411\u0438\u0431\u043b\u0435\u0439\u0441\u043a\u0430\u044f \u042d\u043d\u0446\u0438\u043a\u043b\u043e\u043f\u0435\u0434\u0438\u044f \u0410\u0440\u0445\u0438\u043c\u0430\u043d\u0434\u0440\u0438\u0442\u0430 <a href=\"https:\/\/bible.by\/lexicon\/nikifor\/\" target=\"_blank\" rel=\"noreferrer noopener\">\u041d\u0438\u043a\u0438\u0444\u043e\u0440\u0430<\/a><\/p>\n\n\n\n<p>Biblijos \u017eod\u017ei\u0173 \u017eodynas rus\u0173 kalba &#8211; \u0411\u043e\u043b\u044c\u0448\u043e\u0439 \u0411\u0438\u0431\u043b\u0435\u0439\u0441\u043a\u0438\u0439 <a href=\"https:\/\/bible.by\/lexicon\/btd\/\" target=\"_blank\" rel=\"noreferrer noopener\">\u0421\u043b\u043e\u0432\u0430\u0440\u044c<\/a><\/p>\n\n\n\n<p>Galima skaityti Sinodalin\u0119 Biblij\u0105 ir lyginti kitus rusi\u0161kus vertimus, bei ie\u0161koti \u017eod\u017ei\u0173 reik\u0161mi\u0173 <a href=\"https:\/\/bible.by\/\" target=\"_blank\" rel=\"noreferrer noopener\">\u017eodynuose<\/a><\/p>\n\n\n\n<p>Senovini\u0173 ir nesuprantam\u0173 rusi\u0161k\u0173 \u017eod\u017ei\u0173 i\u0161 Sinodalin\u0117s Biblijos <a href=\"http:\/\/www.paskha.gatchina3000.ru\/christianity\/oldrussian-and-obscure-bible-words-dictionary\/index.htm\" target=\"_blank\" rel=\"noreferrer noopener\">paai\u0161kinimai<\/a><\/p>\n\n\n\n<h2 class=\"wp-block-heading\"><\/h2>\n\n\n\n<div class=\"wp-block-buttons is-layout-flex wp-block-buttons-is-layout-flex\">\n<div class=\"wp-block-button is-style-outline is-style-outline--1\"><a class=\"wp-block-button__link wp-element-button\" href=\"https:\/\/egdnd.lt\/\">Atgal<\/a><\/div>\n<\/div>\n","protected":false},"excerpt":{"rendered":"<p>Nuorodos: Biblijos \u017eod\u017ei\u0173 \u017eodynas rus\u0173 kalba &#8211; \u0411\u0438\u0431\u043b\u0435\u0439\u0441\u043a\u0438\u0439 \u0441\u043b\u043e\u0432\u0430\u0440\u044c, \u0412.\u041f. \u0412\u0438\u0445\u043b\u044f\u043d\u0446\u0435\u0432 Biblijos enciklopedija rus\u0173 kalba &#8211; \u0411\u0438\u0431\u043b\u0435\u0439\u0441\u043a\u0430\u044f \u044d\u043d\u0446\u0438\u043a\u043b\u043e\u043f\u0435\u0434\u0438\u044f \u0411\u0440\u043e\u043a\u0433\u0430\u0443\u0437\u0430 Biblijos enciklopedija rus\u0173 kalba &#8211; \u0411\u0438\u0431\u043b\u0435\u0439\u0441\u043a\u0430\u044f \u042d\u043d\u0446\u0438\u043a\u043b\u043e\u043f\u0435\u0434\u0438\u044f \u0410\u0440\u0445\u0438\u043c\u0430\u043d\u0434\u0440\u0438\u0442\u0430 \u041d\u0438\u043a\u0438\u0444\u043e\u0440\u0430 Biblijos \u017eod\u017ei\u0173 \u017eodynas rus\u0173 kalba &#8211; \u0411\u043e\u043b\u044c\u0448\u043e\u0439 \u0411\u0438\u0431\u043b\u0435\u0439\u0441\u043a\u0438\u0439 \u0421\u043b\u043e\u0432\u0430\u0440\u044c Galima skaityti Sinodalin\u0119 Biblij\u0105 ir lyginti kitus rusi\u0161kus vertimus, bei ie\u0161koti \u017eod\u017ei\u0173 reik\u0161mi\u0173 \u017eodynuose Senovini\u0173 ir nesuprantam\u0173 rusi\u0161k\u0173 [&hellip;]<\/p>\n","protected":false},"author":1,"featured_media":0,"parent":0,"menu_order":0,"comment_status":"closed","ping_status":"closed","template":"","meta":{"footnotes":""},"class_list":["post-63","page","type-page","status-publish","hentry"],"_links":{"self":[{"href":"https:\/\/egdnd.lt\/index.php?rest_route=\/wp\/v2\/pages\/63","targetHints":{"allow":["GET"]}}],"collection":[{"href":"https:\/\/egdnd.lt\/index.php?rest_route=\/wp\/v2\/pages"}],"about":[{"href":"https:\/\/egdnd.lt\/index.php?rest_route=\/wp\/v2\/types\/page"}],"author":[{"embeddable":true,"href":"https:\/\/egdnd.lt\/index.php?rest_route=\/wp\/v2\/users\/1"}],"replies":[{"embeddable":true,"href":"https:\/\/egdnd.lt\/index.php?rest_route=%2Fwp%2Fv2%2Fcomments&post=63"}],"version-history":[{"count":7,"href":"https:\/\/egdnd.lt\/index.php?rest_route=\/wp\/v2\/pages\/63\/revisions"}],"predecessor-version":[{"id":186,"href":"https:\/\/egdnd.lt\/index.php?rest_route=\/wp\/v2\/pages\/63\/revisions\/186"}],"wp:attachment":[{"href":"https:\/\/egdnd.lt\/index.php?rest_route=%2Fwp%2Fv2%2Fmedia&parent=63"}],"curies":[{"name":"wp","href":"https:\/\/api.w.org\/{rel}","templated":true}]}}